{"id":1630,"date":"2020-01-02T15:22:00","date_gmt":"2020-01-02T21:22:00","guid":{"rendered":"http:\/\/b-legalelsalvador.com\/?page_id=1630"},"modified":"2020-01-03T11:00:39","modified_gmt":"2020-01-03T17:00:39","slug":"empresas","status":"publish","type":"page","link":"https:\/\/www.b-legalelsalvador.com\/?page_id=1630","title":{"rendered":"Empresas"},"content":{"rendered":"<div class=\"wpb-content-wrapper\"><p>[vc_row][vc_column width=\u00bb1\/2&#8243;][vc_single_image image=\u00bb1661&#8243; img_size=\u00bbmedium\u00bb alignment=\u00bbcenter\u00bb][vc_column_text]<\/p>\r\n<p style=\"text-align: justify;\"><strong>Asesor\u00eda jur\u00eddica a empresas:<\/strong><br \/>Toda clase de asesor\u00eda jur\u00eddica a empresas, redacci\u00f3n e inscripci\u00f3n de reglamentos internos de trabajo, seguimiento de procesos administrativos y judiciales, as\u00ed como la realizaci\u00f3n de diversos tr\u00e1mites registrales en el \u00e1rea de propiedad intelectual para empresas.<\/p>\r\n<!-- \/wp:paragraph -->\r\n<p style=\"text-align: justify;\"><!-- wp:paragraph --><strong>Procesos en sede administrativa:<\/strong><br \/>Servicios Jur\u00eddicos en cualquier etapa de los procesos en sede administrativa, as\u00ed como Asesor\u00eda jur\u00eddica, elaboraci\u00f3n de escritos y recursos en toda clase de procesos administrativos, desde solicitudes, registros, imposiciones de multas, hasta procesos de licitaci\u00f3n, adjudicaci\u00f3n y cumplimiento de contratos.<\/p>\r\n<p>[\/vc_column_text][\/vc_column][vc_column width=\u00bb1\/2&#8243;][vc_single_image image=\u00bb1594&#8243; img_size=\u00bblarge\u00bb][vc_column_text]<\/p>\r\n<!-- \/wp:paragraph -->\r\n<p style=\"text-align: justify;\"><!-- wp:paragraph --><strong>Procesos de la jurisdicci\u00f3n contencioso administrativa:<\/strong><br \/>Procuraci\u00f3n en sede contencioso administrativa ante actos administrativos ilegales, nuestros servicios abarcan desde los actos preparatorios de la demanda, presentaci\u00f3n de demanda, preparaci\u00f3n de audiencias hasta los recursos respectivos.<\/p>\r\n<!-- \/wp:paragraph -->\r\n<p style=\"text-align: justify;\"><!-- wp:paragraph --><strong>Formas alternativas de resoluci\u00f3n de conflictos:<\/strong><br \/>Seguimiento de toda clase de procesos en aplicaci\u00f3n a las formas alternativas de resoluci\u00f3n de conflictos, tanto en la b\u00fasqueda de acuerdos conciliatorios, negociaciones, mediaciones y procesos de arbitraje.<\/p>\r\n<!-- \/wp:paragraph -->\r\n<p style=\"text-align: justify;\"><!-- wp:paragraph --><strong>Servicios notariales:<\/strong><br \/>Elaboraci\u00f3n de todo tipo de Escrituras P\u00fablicas y Actas Notariales.<\/p>\r\n<p>[\/vc_column_text][\/vc_column][\/vc_row]<\/p><\/div>","protected":false},"excerpt":{"rendered":"[vc_row][vc_column width=\u00bb1\/2&#8243;][vc_single_image image=\u00bb1661&#8243; img_size=\u00bbmedium\u00bb alignment=\u00bbcenter\u00bb][vc_column_text] Asesor\u00eda jur\u00eddica a empresas:Toda clase de asesor\u00eda jur\u00eddica a empresas, redacci\u00f3n e inscripci\u00f3n de reglamentos internos de trabajo, seguimiento de procesos administrativos y judiciales, as\u00ed como la realizaci\u00f3n de diversos tr\u00e1mites registrales en el \u00e1rea de propiedad intelectual para empresas. Procesos en sede administrativa:Servicios Jur\u00eddicos en cualquier etapa de los[&#8230;]","protected":false},"author":1,"featured_media":0,"parent":0,"menu_order":0,"comment_status":"closed","ping_status":"closed","template":"","meta":{"footnotes":""},"class_list":["post-1630","page","type-page","status-publish","hentry"],"_links":{"self":[{"href":"https:\/\/www.b-legalelsalvador.com\/index.php?rest_route=\/wp\/v2\/pages\/1630","targetHints":{"allow":["GET"]}}],"collection":[{"href":"https:\/\/www.b-legalelsalvador.com\/index.php?rest_route=\/wp\/v2\/pages"}],"about":[{"href":"https:\/\/www.b-legalelsalvador.com\/index.php?rest_route=\/wp\/v2\/types\/page"}],"author":[{"embeddable":true,"href":"https:\/\/www.b-legalelsalvador.com\/index.php?rest_route=\/wp\/v2\/users\/1"}],"replies":[{"embeddable":true,"href":"https:\/\/www.b-legalelsalvador.com\/index.php?rest_route=%2Fwp%2Fv2%2Fcomments&post=1630"}],"version-history":[{"count":18,"href":"https:\/\/www.b-legalelsalvador.com\/index.php?rest_route=\/wp\/v2\/pages\/1630\/revisions"}],"predecessor-version":[{"id":1685,"href":"https:\/\/www.b-legalelsalvador.com\/index.php?rest_route=\/wp\/v2\/pages\/1630\/revisions\/1685"}],"wp:attachment":[{"href":"https:\/\/www.b-legalelsalvador.com\/index.php?rest_route=%2Fwp%2Fv2%2Fmedia&parent=1630"}],"curies":[{"name":"wp","href":"https:\/\/api.w.org\/{rel}","templated":true}]}}