{"id":1648,"date":"2020-01-02T15:36:09","date_gmt":"2020-01-02T21:36:09","guid":{"rendered":"http:\/\/b-legalelsalvador.com\/?page_id=1648"},"modified":"2022-01-13T13:18:01","modified_gmt":"2022-01-13T19:18:01","slug":"personas","status":"publish","type":"page","link":"https:\/\/www.b-legalelsalvador.com\/?page_id=1648","title":{"rendered":"Personas"},"content":{"rendered":"<div class=\"wpb-content-wrapper\"><p>[vc_row][vc_column width=\u00bb1\/2&#8243;][vc_single_image image=\u00bb1663&#8243; img_size=\u00bbmedium\u00bb alignment=\u00bbcenter\u00bb][vc_column_text]<\/p>\r\n<p><strong>Asesor\u00eda jur\u00eddica a personas naturales:<\/strong><br \/>Toda clase de asesor\u00eda jur\u00eddica a Personas Naturales, en las ramas del derecho civil, mercantil y familia, entre otras.<\/p>\r\n<p style=\"text-align: justify;\"><!-- \/wp:paragraph --><\/p>\r\n<p style=\"text-align: justify;\"><!-- wp:paragraph --><strong>Procesos en sede administrativa:<\/strong><br \/>Servicios jur\u00eddicos en cualquier etapa de los procesos en sede administrativa, asesoramiento, elaboraci\u00f3n de escritos y recursos en toda clase de procesos administrativos hasta el agotamiento de la v\u00eda administrativa.<\/p>\r\n<p style=\"text-align: justify;\"><!-- \/wp:paragraph --><\/p>\r\n<p style=\"text-align: justify;\"><!-- wp:paragraph --><strong>Procesos de la jurisdicci\u00f3n contencioso administrativa:<\/strong><br \/>Procuraci\u00f3n en sede contencioso administrativa ante actos administrativos ilegales, nuestros servicios abarcan desde los actos preparatorios de la demanda, presentaci\u00f3n de demanda, preparaci\u00f3n de audiencias hasta los recursos respectivos.<\/p>\r\n<p>[\/vc_column_text][\/vc_column][vc_column width=\u00bb1\/2&#8243;][vc_single_image image=\u00bb1676&#8243; img_size=\u00bblarge\u00bb][vc_column_text]<\/p>\r\n<p style=\"text-align: justify;\"><!-- \/wp:paragraph --><\/p>\r\n<p style=\"text-align: justify;\"><!-- wp:paragraph --><strong>Formas alternativas de resoluci\u00f3n de conflictos:<\/strong><br \/>Seguimiento de toda clase de procesos en aplicaci\u00f3n a las formas alternativas de resoluci\u00f3n de conflictos, tanto en la b\u00fasqueda de acuerdos conciliatorios, negociaciones, mediaciones y procesos de arbitraje.<\/p>\r\n<p style=\"text-align: justify;\"><!-- \/wp:paragraph --><\/p>\r\n<p style=\"text-align: justify;\"><!-- wp:paragraph --><strong>Servicios notariales:<\/strong><br \/>Elaboraci\u00f3n de todo tipo de Escrituras P\u00fablicas y Actas Notariales tales como Conocidos Sociales, Reconocimientos Voluntarios de Paternidad, Rectificaci\u00f3n de Partidas de Nacimiento, Establecimiento Subsidiario de Estado Familiar, Compraventas, Autorizaciones de viaje de hijos, etc.<\/p>\r\n<p><!-- \/wp:paragraph -->\u00a0<\/p>\r\n<p>[\/vc_column_text][\/vc_column][\/vc_row]<\/p><\/div>","protected":false},"excerpt":{"rendered":"[vc_row][vc_column width=\u00bb1\/2&#8243;][vc_single_image image=\u00bb1663&#8243; img_size=\u00bbmedium\u00bb alignment=\u00bbcenter\u00bb][vc_column_text] Asesor\u00eda jur\u00eddica a personas naturales:Toda clase de asesor\u00eda jur\u00eddica a Personas Naturales, en las ramas del derecho civil, mercantil y familia, entre otras. Procesos en sede administrativa:Servicios jur\u00eddicos en cualquier etapa de los procesos en sede administrativa, asesoramiento, elaboraci\u00f3n de escritos y recursos en toda clase de procesos administrativos hasta[&#8230;]","protected":false},"author":1,"featured_media":0,"parent":0,"menu_order":0,"comment_status":"closed","ping_status":"closed","template":"","meta":{"footnotes":""},"class_list":["post-1648","page","type-page","status-publish","hentry"],"_links":{"self":[{"href":"https:\/\/www.b-legalelsalvador.com\/index.php?rest_route=\/wp\/v2\/pages\/1648","targetHints":{"allow":["GET"]}}],"collection":[{"href":"https:\/\/www.b-legalelsalvador.com\/index.php?rest_route=\/wp\/v2\/pages"}],"about":[{"href":"https:\/\/www.b-legalelsalvador.com\/index.php?rest_route=\/wp\/v2\/types\/page"}],"author":[{"embeddable":true,"href":"https:\/\/www.b-legalelsalvador.com\/index.php?rest_route=\/wp\/v2\/users\/1"}],"replies":[{"embeddable":true,"href":"https:\/\/www.b-legalelsalvador.com\/index.php?rest_route=%2Fwp%2Fv2%2Fcomments&post=1648"}],"version-history":[{"count":8,"href":"https:\/\/www.b-legalelsalvador.com\/index.php?rest_route=\/wp\/v2\/pages\/1648\/revisions"}],"predecessor-version":[{"id":1689,"href":"https:\/\/www.b-legalelsalvador.com\/index.php?rest_route=\/wp\/v2\/pages\/1648\/revisions\/1689"}],"wp:attachment":[{"href":"https:\/\/www.b-legalelsalvador.com\/index.php?rest_route=%2Fwp%2Fv2%2Fmedia&parent=1648"}],"curies":[{"name":"wp","href":"https:\/\/api.w.org\/{rel}","templated":true}]}}