{"id":1713,"date":"2022-01-13T13:39:43","date_gmt":"2022-01-13T19:39:43","guid":{"rendered":"https:\/\/www.b-legalelsalvador.com\/?page_id=1713"},"modified":"2022-01-13T15:40:11","modified_gmt":"2022-01-13T21:40:11","slug":"quienes-somos","status":"publish","type":"page","link":"https:\/\/www.b-legalelsalvador.com\/?page_id=1713","title":{"rendered":"Qui\u00e9nes somos"},"content":{"rendered":"<div class=\"wpb-content-wrapper\"><p>[vc_row][vc_column width=\u00bb1\/4&#8243;][vc_single_image image=\u00bb1723&#8243; css_animation=\u00bbfadeIn\u00bb][\/vc_column][vc_column width=\u00bb3\/4&#8243;][vc_column_text]<\/p>\r\n<h2 class=\"wp-block-heading\">MISI\u00d3N:<\/h2>\r\n<p>Brindar soluciones jur\u00eddicas efectivas para nuestros clientes en las diferentes<br \/>\r\n\u00e1reas del derecho, desde el asesoramiento administrativo hasta representaci\u00f3n judicial y tr\u00e1mites notariales.[\/vc_column_text][\/vc_column][\/vc_row][vc_row][vc_column width=\u00bb1\/4&#8243;][vc_single_image image=\u00bb1724&#8243; css_animation=\u00bbfadeIn\u00bb][\/vc_column][vc_column width=\u00bb3\/4&#8243;][vc_column_text]<\/p>\r\n<h2>VISI\u00d3N:<\/h2>\r\n<p>Ser una oficina jur\u00eddica referente en el uso de la tecnolog\u00eda para brindar soluciones jur\u00eddicas personalizadas accesibles y eficaces.[\/vc_column_text][\/vc_column][\/vc_row][vc_row][vc_column width=\u00bb1\/4&#8243;][vc_single_image image=\u00bb1725&#8243; css_animation=\u00bbfadeIn\u00bb][\/vc_column][vc_column width=\u00bb3\/4&#8243;][vc_column_text]<\/p>\r\n\r\n<h2 class=\"wp-block-heading\">Valores:<\/h2>\r\n<p><strong>Conocimiento:<\/strong><\/p>\r\n<p>Todo nuestro personal estar\u00e1 en un constante proceso de aprendizaje, manteniendo as\u00ed un conocimiento jur\u00eddico actualizado<\/p>\r\n<p><strong>Honestidad:<\/strong><\/p>\r\n<p>En toda actividad realizada por la empresa deber\u00e1 de primar la honestidad, brindando una asesor\u00eda jur\u00eddica efectiva y basada en la verdad.<\/p>\r\n<p><strong>Transparencia:<\/strong><\/p>\r\n<p>En toda actividad empresarial realizada se trabajar\u00e1 con la m\u00e1xima transparencia, permiti\u00e9ndole al cliente conocer los pormenores de la actividad jur\u00eddica realizada.<\/p>\r\n<p><strong>Lealtad:<\/strong><\/p>\r\n<p>Nuestros clientes son nuestra principal prioridad, por lo que siempre se deber\u00e1 buscar que nuestras actuaciones conlleven los mejores resultados y beneficios posibles para nuestros clientes.[\/vc_column_text][vc_column_text]<\/p>\r\n<div style=\"width: 320px;\" class=\"wp-video\"><!--[if lt IE 9]><script>document.createElement('video');<\/script><![endif]-->\n<video class=\"wp-video-shortcode\" id=\"video-1713-1\" width=\"320\" height=\"240\" preload=\"metadata\" controls=\"controls\"><source type=\"video\/mp4\" src=\"https:\/\/www.b-legalelsalvador.com\/wp-content\/uploads\/2022\/01\/presentacion.mp4?_=1\" \/><a href=\"https:\/\/www.b-legalelsalvador.com\/wp-content\/uploads\/2022\/01\/presentacion.mp4\">https:\/\/www.b-legalelsalvador.com\/wp-content\/uploads\/2022\/01\/presentacion.mp4<\/a><\/video><\/div>[\/vc_column_text][\/vc_column][\/vc_row]<\/p>\r\n<\/div>","protected":false},"excerpt":{"rendered":"[vc_row][vc_column width=\u00bb1\/4&#8243;][vc_single_image image=\u00bb1723&#8243; css_animation=\u00bbfadeIn\u00bb][\/vc_column][vc_column width=\u00bb3\/4&#8243;][vc_column_text] MISI\u00d3N: Brindar soluciones jur\u00eddicas efectivas para nuestros clientes en las diferentes \u00e1reas del derecho, desde el asesoramiento administrativo hasta representaci\u00f3n judicial y tr\u00e1mites notariales.[\/vc_column_text][\/vc_column][\/vc_row][vc_row][vc_column width=\u00bb1\/4&#8243;][vc_single_image image=\u00bb1724&#8243; css_animation=\u00bbfadeIn\u00bb][\/vc_column][vc_column width=\u00bb3\/4&#8243;][vc_column_text] VISI\u00d3N: Ser una oficina jur\u00eddica referente en el uso de la tecnolog\u00eda para brindar soluciones jur\u00eddicas personalizadas accesibles y eficaces.[\/vc_column_text][\/vc_column][\/vc_row][vc_row][vc_column width=\u00bb1\/4&#8243;][vc_single_image image=\u00bb1725&#8243;[&#8230;]","protected":false},"author":1,"featured_media":0,"parent":0,"menu_order":0,"comment_status":"closed","ping_status":"closed","template":"","meta":{"footnotes":""},"class_list":["post-1713","page","type-page","status-publish","hentry"],"_links":{"self":[{"href":"https:\/\/www.b-legalelsalvador.com\/index.php?rest_route=\/wp\/v2\/pages\/1713","targetHints":{"allow":["GET"]}}],"collection":[{"href":"https:\/\/www.b-legalelsalvador.com\/index.php?rest_route=\/wp\/v2\/pages"}],"about":[{"href":"https:\/\/www.b-legalelsalvador.com\/index.php?rest_route=\/wp\/v2\/types\/page"}],"author":[{"embeddable":true,"href":"https:\/\/www.b-legalelsalvador.com\/index.php?rest_route=\/wp\/v2\/users\/1"}],"replies":[{"embeddable":true,"href":"https:\/\/www.b-legalelsalvador.com\/index.php?rest_route=%2Fwp%2Fv2%2Fcomments&post=1713"}],"version-history":[{"count":19,"href":"https:\/\/www.b-legalelsalvador.com\/index.php?rest_route=\/wp\/v2\/pages\/1713\/revisions"}],"predecessor-version":[{"id":1746,"href":"https:\/\/www.b-legalelsalvador.com\/index.php?rest_route=\/wp\/v2\/pages\/1713\/revisions\/1746"}],"wp:attachment":[{"href":"https:\/\/www.b-legalelsalvador.com\/index.php?rest_route=%2Fwp%2Fv2%2Fmedia&parent=1713"}],"curies":[{"name":"wp","href":"https:\/\/api.w.org\/{rel}","templated":true}]}}