{"id":1729,"date":"2022-01-13T14:36:35","date_gmt":"2022-01-13T20:36:35","guid":{"rendered":"https:\/\/www.b-legalelsalvador.com\/?page_id=1729"},"modified":"2022-01-13T15:01:09","modified_gmt":"2022-01-13T21:01:09","slug":"empresas-2","status":"publish","type":"page","link":"https:\/\/www.b-legalelsalvador.com\/?page_id=1729","title":{"rendered":"Consultorias"},"content":{"rendered":"<div class=\"wpb-content-wrapper\"><p>[vc_row][vc_column width=\u00bb1\/2&#8243;][vc_single_image image=\u00bb1732&#8243; img_size=\u00bbmedium\u00bb alignment=\u00bbcenter\u00bb][vc_column_text]<\/p>\n<ul>\n<li style=\"text-align: justify;\">Consultor\u00eda en materia legal para empresas privadas.<\/li>\n<li style=\"text-align: justify;\">Consultor\u00eda en materia legal para entidades Gubernamentales.<\/li>\n<li style=\"text-align: justify;\">Consultor\u00eda en materia legal para municipalidades.<\/li>\n<\/ul>\n<p>[\/vc_column_text][\/vc_column][vc_column width=\u00bb1\/2&#8243;][vc_single_image image=\u00bb1733&#8243; img_size=\u00bblarge\u00bb][\/vc_column][\/vc_row]<\/p>\n<\/div>","protected":false},"excerpt":{"rendered":"[vc_row][vc_column width=\u00bb1\/2&#8243;][vc_single_image image=\u00bb1732&#8243; img_size=\u00bbmedium\u00bb alignment=\u00bbcenter\u00bb][vc_column_text] Consultor\u00eda en materia legal para empresas privadas. Consultor\u00eda en materia legal para entidades Gubernamentales. Consultor\u00eda en materia legal para municipalidades. [\/vc_column_text][\/vc_column][vc_column width=\u00bb1\/2&#8243;][vc_single_image image=\u00bb1733&#8243; img_size=\u00bblarge\u00bb][\/vc_column][\/vc_row]","protected":false},"author":1,"featured_media":0,"parent":0,"menu_order":0,"comment_status":"closed","ping_status":"closed","template":"","meta":{"footnotes":""},"class_list":["post-1729","page","type-page","status-publish","hentry"],"_links":{"self":[{"href":"https:\/\/www.b-legalelsalvador.com\/index.php?rest_route=\/wp\/v2\/pages\/1729","targetHints":{"allow":["GET"]}}],"collection":[{"href":"https:\/\/www.b-legalelsalvador.com\/index.php?rest_route=\/wp\/v2\/pages"}],"about":[{"href":"https:\/\/www.b-legalelsalvador.com\/index.php?rest_route=\/wp\/v2\/types\/page"}],"author":[{"embeddable":true,"href":"https:\/\/www.b-legalelsalvador.com\/index.php?rest_route=\/wp\/v2\/users\/1"}],"replies":[{"embeddable":true,"href":"https:\/\/www.b-legalelsalvador.com\/index.php?rest_route=%2Fwp%2Fv2%2Fcomments&post=1729"}],"version-history":[{"count":2,"href":"https:\/\/www.b-legalelsalvador.com\/index.php?rest_route=\/wp\/v2\/pages\/1729\/revisions"}],"predecessor-version":[{"id":1734,"href":"https:\/\/www.b-legalelsalvador.com\/index.php?rest_route=\/wp\/v2\/pages\/1729\/revisions\/1734"}],"wp:attachment":[{"href":"https:\/\/www.b-legalelsalvador.com\/index.php?rest_route=%2Fwp%2Fv2%2Fmedia&parent=1729"}],"curies":[{"name":"wp","href":"https:\/\/api.w.org\/{rel}","templated":true}]}}